{"id":127,"date":"2025-07-11T20:39:50","date_gmt":"2025-07-11T18:39:50","guid":{"rendered":"http:\/\/urebanknaxertes.de\/?page_id=127"},"modified":"2025-07-11T21:54:20","modified_gmt":"2025-07-11T19:54:20","slug":"versicherungsservice","status":"publish","type":"page","link":"https:\/\/urebanknaxertes.de\/?page_id=127","title":{"rendered":"Versicherungsservice"},"content":{"rendered":"\n<h2 class=\"wp-block-heading has-text-align-center\">Die Bank \u00dcberfall Versicherung<\/h2>\n\n\n\n<p><em>Schon f\u00fcr zwei Gulbi die Festwoche in Sicherheit verbringen!<\/em><\/p>\n\n\n\n<p>Missgeschicke k\u00f6nnen jedem passieren. Stellen Sie sich vor, es ist der Tag des Marktes auf dem Fest der Fantasie und Sie flanieren an den St\u00e4nden vorbei, als pl\u00f6tzlich eine Horde von finsteren Bankmitarbeiter*innen aus dem Unterholz ausbricht und Sie auf offener Stra\u00dfe von Ihren hart umgetauschten Gr\u00e4ten und Diademen trennt. Vielleicht erscheint besagte Horde auch in der ersten Pause des Zeremonienabends an Ihrem Tisch und trinkt wortlos Ihre Clangetr\u00e4nke aus \u2026<\/p>\n\n\n\n<p>Das muss doch nicht sein!<\/p>\n\n\n<div class=\"wp-block-image\">\n<figure class=\"aligncenter size-full is-resized\"><img loading=\"lazy\" decoding=\"async\" width=\"750\" height=\"750\" src=\"http:\/\/urebanknaxertes.de\/wp-content\/uploads\/2025\/07\/Kreis-oink.jpg\" alt=\"\" class=\"wp-image-142\" style=\"width:151px;height:auto\" srcset=\"https:\/\/urebanknaxertes.de\/wp-content\/uploads\/2025\/07\/Kreis-oink.jpg 750w, https:\/\/urebanknaxertes.de\/wp-content\/uploads\/2025\/07\/Kreis-oink-300x300.jpg 300w, https:\/\/urebanknaxertes.de\/wp-content\/uploads\/2025\/07\/Kreis-oink-150x150.jpg 150w\" sizes=\"auto, (max-width: 750px) 100vw, 750px\" \/><\/figure>\n<\/div>\n\n\n<h2 class=\"wp-block-heading has-text-align-center\">Unser Angebot<\/h2>\n\n\n\n<p>Mit dem Abschluss unserer exklusiven<\/p>\n\n\n\n<p><strong>&#8211; BANK\u00dcBERFALLVERSICHERUNG &#8211; <\/strong><\/p>\n\n\n\n<p>sch\u00fctzen Sie sich und Ihr Eigentum vor aggressiven Hordlern auf dem 52. Fest der Fantasie.<\/p>\n\n\n\n<h2 class=\"wp-block-heading has-text-align-center\">Ihre Vorteile<\/h2>\n\n\n\n<p><strong>EIN TARIF F\u00dcR ALLE<\/strong><\/p>\n\n\n\n<p>Entkommen Sie dem Golgoloch un\u00fcbersichtlicher Kosten und Geb\u00fchren. Mit zwei Gulbi ist alles geregelt, egal ob Neo, Edle oder Lady!<\/p>\n\n\n\n<p><strong>KEIN ABO<\/strong><\/p>\n\n\n\n<p>Ihr Schutz gilt vollumf\u00e4nglich bis zum Ende des Festes (EWS ausgenommen).<\/p>\n\n\n\n<p>Keine Fallen, Fallstricke, Fallt\u00fcren, da es sich nicht um ein Abonnement handelt.<\/p>\n\n\n\n<p><strong>SICHERE HANDHABUNG IN DREI SCHRITTEN<\/strong><\/p>\n\n\n\n<p>Schritt 1: Versicherung abschlie\u00dfen<\/p>\n\n\n\n<p>Schritt 2: Police-Kennzeichen anstecken<\/p>\n\n\n\n<p>Schritt 3: In Sicherheit leben und feiern!<\/p>\n\n\n\n<p>Sie haben Fragen? Kommen Sie gerne w\u00e4hrend unserer \u00d6ffnungszeiten auf uns zu.<\/p>\n\n\n\n<p><\/p>\n\n\n\n<p class=\"has-text-align-center\">WIR SCHAUEN NICHT NUR ZU!<\/p>\n\n\n<div class=\"wp-block-image\">\n<figure class=\"aligncenter size-full is-resized\"><img loading=\"lazy\" decoding=\"async\" width=\"330\" height=\"279\" src=\"http:\/\/urebanknaxertes.de\/wp-content\/uploads\/2025\/05\/Urebank_Schwein-ca11a1.svg\" alt=\"\" class=\"wp-image-18\" style=\"width:448px;height:auto\"\/><\/figure>\n<\/div>","protected":false},"excerpt":{"rendered":"<p>Die Bank \u00dcberfall Versicherung Schon f\u00fcr zwei Gulbi die Festwoche in Sicherheit verbringen! Missgeschicke k\u00f6nnen jedem passieren. Stellen Sie sich vor, es ist der Tag des Marktes auf dem Fest der Fantasie und Sie flanieren an den St\u00e4nden vorbei, als pl\u00f6tzlich eine Horde von finsteren Bankmitarbeiter*innen aus dem Unterholz ausbricht [&hellip;]<\/p>\n","protected":false},"author":2,"featured_media":0,"parent":0,"menu_order":0,"comment_status":"closed","ping_status":"closed","template":"","meta":{"_themeisle_gutenberg_block_has_review":false,"footnotes":""},"class_list":["post-127","page","type-page","status-publish","hentry"],"_links":{"self":[{"href":"https:\/\/urebanknaxertes.de\/index.php?rest_route=\/wp\/v2\/pages\/127","targetHints":{"allow":["GET"]}}],"collection":[{"href":"https:\/\/urebanknaxertes.de\/index.php?rest_route=\/wp\/v2\/pages"}],"about":[{"href":"https:\/\/urebanknaxertes.de\/index.php?rest_route=\/wp\/v2\/types\/page"}],"author":[{"embeddable":true,"href":"https:\/\/urebanknaxertes.de\/index.php?rest_route=\/wp\/v2\/users\/2"}],"replies":[{"embeddable":true,"href":"https:\/\/urebanknaxertes.de\/index.php?rest_route=%2Fwp%2Fv2%2Fcomments&post=127"}],"version-history":[{"count":3,"href":"https:\/\/urebanknaxertes.de\/index.php?rest_route=\/wp\/v2\/pages\/127\/revisions"}],"predecessor-version":[{"id":144,"href":"https:\/\/urebanknaxertes.de\/index.php?rest_route=\/wp\/v2\/pages\/127\/revisions\/144"}],"wp:attachment":[{"href":"https:\/\/urebanknaxertes.de\/index.php?rest_route=%2Fwp%2Fv2%2Fmedia&parent=127"}],"curies":[{"name":"wp","href":"https:\/\/api.w.org\/{rel}","templated":true}]}}