{"id":132,"date":"2025-07-11T20:46:27","date_gmt":"2025-07-11T18:46:27","guid":{"rendered":"http:\/\/urebanknaxertes.de\/?page_id=132"},"modified":"2025-07-11T21:52:32","modified_gmt":"2025-07-11T19:52:32","slug":"aktion-unmensch","status":"publish","type":"page","link":"https:\/\/urebanknaxertes.de\/?page_id=132","title":{"rendered":"Aktion Unmensch"},"content":{"rendered":"\n<h2 class=\"wp-block-heading has-text-align-center\">Auch kleine Summen k\u00f6nnen den Witwen und Waisen der Nekasok helfen<\/h2>\n\n\n\n<p>Bereits seit Jahren presst Tzar Nikolay M\u00fcnze um M\u00fcnze von seinen Untergebenen ab, um sich einen Palast nach dem anderen bauen zu lassen. Auch vor Kriegen schreckt der gemeine Aggressor nicht zur\u00fcck. V\u00e4ter und Br\u00fcder sterben f\u00fcr das Spiel des Tzaren auf weit entfernten Welten. W\u00e4hrend Nikolay und sein Hofstaat ges\u00e4ttigt in Saus und Braus leben, so geht es den Witwen und Waisen der Nekasok jeden Tag schlechter. Hunger, K\u00e4lte und Krankheiten machen Ihnen mehr und mehr zu schaffen.<\/p>\n\n\n\n<figure class=\"wp-block-image size-large\"><img loading=\"lazy\" decoding=\"async\" width=\"1024\" height=\"574\" src=\"http:\/\/urebanknaxertes.de\/wp-content\/uploads\/2025\/07\/Altion-Unmensch-Bild-1-1-1024x574.png\" alt=\"\" class=\"wp-image-134\" srcset=\"https:\/\/urebanknaxertes.de\/wp-content\/uploads\/2025\/07\/Altion-Unmensch-Bild-1-1-1024x574.png 1024w, https:\/\/urebanknaxertes.de\/wp-content\/uploads\/2025\/07\/Altion-Unmensch-Bild-1-1-300x168.png 300w, https:\/\/urebanknaxertes.de\/wp-content\/uploads\/2025\/07\/Altion-Unmensch-Bild-1-1-768x430.png 768w, https:\/\/urebanknaxertes.de\/wp-content\/uploads\/2025\/07\/Altion-Unmensch-Bild-1-1-1536x861.png 1536w, https:\/\/urebanknaxertes.de\/wp-content\/uploads\/2025\/07\/Altion-Unmensch-Bild-1-1-2048x1148.png 2048w\" sizes=\"auto, (max-width: 1024px) 100vw, 1024px\" \/><\/figure>\n\n\n\n<p class=\"has-text-align-center\">Als <strong>UREBANK NA XERTES<\/strong> ber\u00fchrt uns das Leid der Nekassen sehr.<\/p>\n\n\n\n<p class=\"has-text-align-center\">Schauen Sie nicht weg.<\/p>\n\n\n\n<p class=\"has-text-align-center\">Unterst\u00fctzen Sie<\/p>\n\n\n\n<p class=\"has-text-align-center\"><strong>AKTION UNMENSCH<\/strong><\/p>\n\n\n\n<p class=\"has-text-align-center\">mit einer Spende hier in der Filiale.<\/p>\n\n\n\n<p class=\"has-text-align-center\">Damit Kinder wieder Kinder sein k\u00f6nnen.<\/p>\n\n\n\n<figure class=\"wp-block-image size-large\"><img loading=\"lazy\" decoding=\"async\" width=\"1024\" height=\"574\" src=\"http:\/\/urebanknaxertes.de\/wp-content\/uploads\/2025\/07\/Aktion-Unmensch-2-1024x574.png\" alt=\"\" class=\"wp-image-135\" srcset=\"https:\/\/urebanknaxertes.de\/wp-content\/uploads\/2025\/07\/Aktion-Unmensch-2-1024x574.png 1024w, https:\/\/urebanknaxertes.de\/wp-content\/uploads\/2025\/07\/Aktion-Unmensch-2-300x168.png 300w, https:\/\/urebanknaxertes.de\/wp-content\/uploads\/2025\/07\/Aktion-Unmensch-2-768x430.png 768w, https:\/\/urebanknaxertes.de\/wp-content\/uploads\/2025\/07\/Aktion-Unmensch-2-1536x861.png 1536w, https:\/\/urebanknaxertes.de\/wp-content\/uploads\/2025\/07\/Aktion-Unmensch-2-2048x1148.png 2048w\" sizes=\"auto, (max-width: 1024px) 100vw, 1024px\" \/><\/figure>\n\n\n\n<p><strong>AKTION UNMENSCH<\/strong><\/p>\n\n\n\n<p>unterst\u00fctzt folgende Projekte in der Nekasok:<\/p>\n\n\n\n<ul class=\"wp-block-list\">\n<li>Brunnenbau in verschiedenen Orten<\/li>\n\n\n\n<li>Eine Schule f\u00fcr M\u00e4dchen in Zlosh<\/li>\n\n\n\n<li>Einrichtung einer Witwenrente<\/li>\n\n\n\n<li>Versorgung von Kriegsversehrten<\/li>\n\n\n\n<li>Waisenh\u00e4user in Tomolsk und Gojky<\/li>\n\n\n\n<li>Schwimmkurse in Kask und Temes<\/li>\n\n\n\n<li>Ein neues Kulturzentrum in Yaltai<\/li>\n\n\n\n<li>Seniorennachmittage in Passau<\/li>\n\n\n\n<li>M\u00e4rchenstunden in Aghdon<\/li>\n\n\n\n<li>und vieles mehr!<\/li>\n<\/ul>\n\n\n\n<p>Bei <strong>AKTION UNMENSCH<\/strong> kommt jeder gespendete Gulba da an, wo er gebraucht wird: Bei Hilfsbed\u00fcrftigen in Not.<\/p>\n\n\n\n<p>Versprochen.<\/p>\n","protected":false},"excerpt":{"rendered":"<p>Auch kleine Summen k\u00f6nnen den Witwen und Waisen der Nekasok helfen Bereits seit Jahren presst Tzar Nikolay M\u00fcnze um M\u00fcnze von seinen Untergebenen ab, um sich einen Palast nach dem anderen bauen zu lassen. Auch vor Kriegen schreckt der gemeine Aggressor nicht zur\u00fcck. V\u00e4ter und Br\u00fcder sterben f\u00fcr das Spiel [&hellip;]<\/p>\n","protected":false},"author":2,"featured_media":0,"parent":0,"menu_order":0,"comment_status":"closed","ping_status":"closed","template":"","meta":{"_themeisle_gutenberg_block_has_review":false,"footnotes":""},"class_list":["post-132","page","type-page","status-publish","hentry"],"_links":{"self":[{"href":"https:\/\/urebanknaxertes.de\/index.php?rest_route=\/wp\/v2\/pages\/132","targetHints":{"allow":["GET"]}}],"collection":[{"href":"https:\/\/urebanknaxertes.de\/index.php?rest_route=\/wp\/v2\/pages"}],"about":[{"href":"https:\/\/urebanknaxertes.de\/index.php?rest_route=\/wp\/v2\/types\/page"}],"author":[{"embeddable":true,"href":"https:\/\/urebanknaxertes.de\/index.php?rest_route=\/wp\/v2\/users\/2"}],"replies":[{"embeddable":true,"href":"https:\/\/urebanknaxertes.de\/index.php?rest_route=%2Fwp%2Fv2%2Fcomments&post=132"}],"version-history":[{"count":3,"href":"https:\/\/urebanknaxertes.de\/index.php?rest_route=\/wp\/v2\/pages\/132\/revisions"}],"predecessor-version":[{"id":141,"href":"https:\/\/urebanknaxertes.de\/index.php?rest_route=\/wp\/v2\/pages\/132\/revisions\/141"}],"wp:attachment":[{"href":"https:\/\/urebanknaxertes.de\/index.php?rest_route=%2Fwp%2Fv2%2Fmedia&parent=132"}],"curies":[{"name":"wp","href":"https:\/\/api.w.org\/{rel}","templated":true}]}}