{"id":15,"date":"2025-05-29T18:58:47","date_gmt":"2025-05-29T16:58:47","guid":{"rendered":"http:\/\/urebanknaxertes.de\/startseite\/"},"modified":"2025-07-25T09:45:05","modified_gmt":"2025-07-25T07:45:05","slug":"startseite","status":"publish","type":"page","link":"https:\/\/urebanknaxertes.de\/","title":{"rendered":"Startseite"},"content":{"rendered":"\n<p class=\"has-text-align-center\">FEIERLICHE ER\u00d6FFNUNG <\/p>\n\n\n\n<p class=\"has-text-align-center\">unserer Filiale in <\/p>\n\n\n\n<p class=\"has-text-align-center\">DVORSCH BAKAI <\/p>\n\n\n\n<p class=\"has-text-align-center\">am 9. Tag des Greifenmondes zum 14. Glockenschlag <\/p>\n\n\n\n<p class=\"has-text-align-center\">Erfahren Sie, wof\u00fcr wir stehen und wie wir unsere Kundinnen und Kunden beim Erreichen ihrer Ziele und Erf\u00fcllen ihrer W\u00fcnsche unterst\u00fctzen. Sie m\u00f6chten mit uns zusammen die Herausforderungen von morgen meistern? Dann besuchen Sie unsere Niederlassung auf dem kommenden Fest der Fantasie. <\/p>\n\n\n\n<p class=\"has-text-align-center\">Unsere Beraterinnen und Berater im Privatkundensektor sind Expertinnen und Experten in s\u00e4mtlichen Bereichen, von Versicherungen \u00fcber anonyme Nummernkonten bis hin zur Gr\u00fcndung wichtig klingender Stiftungen. <\/p>\n\n\n\n<p class=\"has-text-align-center\">Unsere vertrauensw\u00fcrdige, herausragende Arbeit wurde zuletzt auch von den Leserinnen und Lesern der Traumbl\u00fcten best\u00e4tigt. Sie w\u00e4hlten uns zum wiederholten Male zu Magiras Bester Nonsense-of-Wonder Bank! <\/p>\n\n\n\n<p class=\"has-text-align-center\">Wir freuen uns auf Ihren Besuch!<\/p>\n","protected":false},"excerpt":{"rendered":"<p>FEIERLICHE ER\u00d6FFNUNG unserer Filiale in DVORSCH BAKAI am 9. Tag des Greifenmondes zum 14. Glockenschlag Erfahren Sie, wof\u00fcr wir stehen und wie wir unsere Kundinnen und Kunden beim Erreichen ihrer Ziele und Erf\u00fcllen ihrer W\u00fcnsche unterst\u00fctzen. Sie m\u00f6chten mit uns zusammen die Herausforderungen von morgen meistern? Dann besuchen Sie unsere [&hellip;]<\/p>\n","protected":false},"author":2,"featured_media":0,"parent":0,"menu_order":0,"comment_status":"closed","ping_status":"closed","template":"","meta":{"_themeisle_gutenberg_block_has_review":false,"footnotes":""},"class_list":["post-15","page","type-page","status-publish","hentry"],"_links":{"self":[{"href":"https:\/\/urebanknaxertes.de\/index.php?rest_route=\/wp\/v2\/pages\/15","targetHints":{"allow":["GET"]}}],"collection":[{"href":"https:\/\/urebanknaxertes.de\/index.php?rest_route=\/wp\/v2\/pages"}],"about":[{"href":"https:\/\/urebanknaxertes.de\/index.php?rest_route=\/wp\/v2\/types\/page"}],"author":[{"embeddable":true,"href":"https:\/\/urebanknaxertes.de\/index.php?rest_route=\/wp\/v2\/users\/2"}],"replies":[{"embeddable":true,"href":"https:\/\/urebanknaxertes.de\/index.php?rest_route=%2Fwp%2Fv2%2Fcomments&post=15"}],"version-history":[{"count":4,"href":"https:\/\/urebanknaxertes.de\/index.php?rest_route=\/wp\/v2\/pages\/15\/revisions"}],"predecessor-version":[{"id":158,"href":"https:\/\/urebanknaxertes.de\/index.php?rest_route=\/wp\/v2\/pages\/15\/revisions\/158"}],"wp:attachment":[{"href":"https:\/\/urebanknaxertes.de\/index.php?rest_route=%2Fwp%2Fv2%2Fmedia&parent=15"}],"curies":[{"name":"wp","href":"https:\/\/api.w.org\/{rel}","templated":true}]}}