{"id":95,"date":"2025-07-07T16:51:33","date_gmt":"2025-07-07T14:51:33","guid":{"rendered":"http:\/\/urebanknaxertes.de\/?page_id=95"},"modified":"2025-07-07T19:08:54","modified_gmt":"2025-07-07T17:08:54","slug":"festwaehrung","status":"publish","type":"page","link":"https:\/\/urebanknaxertes.de\/?page_id=95","title":{"rendered":"Festw\u00e4hrung"},"content":{"rendered":"\n<p>Drei mal Vier macht Zwei<br>Widdewiddewitt und Zwei macht Eine<\/p>\n\n\n\n<p>Auf dem Fest der Fantasie ist es seit 1989 \u00fcblich, reales Geld in Festw\u00e4hrung zu tauschen, das w\u00e4hrend des Festes auf dem ganzen Festgel\u00e4nde akzeptiert wird. Schon auf dem Fest 1982 in Schweden gab es eine Art W\u00e4hrung, damals aber nur f\u00fcr den Markt und aus rein simulatorischen Aspekten.<br>Urspr\u00fcnglich hatte es den Zweck, nicht mit verschiedenen W\u00e4hrungen gleichzeitig umgehen zu m\u00fcssen (das Fest 1989 fand in \u00d6sterreich statt) und gleichzeitig zum Flair auf dem Fest (insbesondere dem Markt) beizutragen, inzwischen hat es sich als Tradition verselbst\u00e4ndigt und dient im besonderen dem Eskapismus. Diese Brosch\u00fcre gibt einen \u00dcberblick \u00fcber die M\u00fcnzen auf diesem Fest, ihren Wert und ihre Historie. Die M\u00fcnzen sind aufsteigend nach ihrem Wechselkurs sortiert.<\/p>\n\n\n\n<h2 class=\"wp-block-heading\">Der GULBA<\/h2>\n\n\n\n<figure class=\"wp-block-gallery has-nested-images columns-default is-cropped wp-block-gallery-1 is-layout-flex wp-block-gallery-is-layout-flex\">\n<figure class=\"wp-block-image size-large is-resized\"><img loading=\"lazy\" decoding=\"async\" width=\"297\" height=\"297\" data-id=\"103\" src=\"http:\/\/urebanknaxertes.de\/wp-content\/uploads\/2025\/07\/Gulba-rueckseite.jpg\" alt=\"\" class=\"wp-image-103\" style=\"width:154px;height:auto\" srcset=\"https:\/\/urebanknaxertes.de\/wp-content\/uploads\/2025\/07\/Gulba-rueckseite.jpg 297w, https:\/\/urebanknaxertes.de\/wp-content\/uploads\/2025\/07\/Gulba-rueckseite-150x150.jpg 150w\" sizes=\"auto, (max-width: 297px) 100vw, 297px\" \/><\/figure>\n\n\n\n<figure class=\"wp-block-image size-large is-resized\"><img loading=\"lazy\" decoding=\"async\" width=\"293\" height=\"293\" data-id=\"104\" src=\"http:\/\/urebanknaxertes.de\/wp-content\/uploads\/2025\/07\/Gulba-vorderseite.jpg\" alt=\"\" class=\"wp-image-104\" style=\"width:156px;height:auto\" srcset=\"https:\/\/urebanknaxertes.de\/wp-content\/uploads\/2025\/07\/Gulba-vorderseite.jpg 293w, https:\/\/urebanknaxertes.de\/wp-content\/uploads\/2025\/07\/Gulba-vorderseite-150x150.jpg 150w\" sizes=\"auto, (max-width: 293px) 100vw, 293px\" \/><\/figure>\n<\/figure>\n\n\n\n<p>Wert: \u2153 Gr\u00e4te = 0,25 Euro<br>im Umlauf seit: 1993<br>Diese M\u00fcnze aus Messing hat ihren Namen vom Herrscher der St\u00e4mme der Toku, Gulba tur Garulla (die \u201eKeule\u201c). Daher ist auf der M\u00fcnze auch eine Keule abgebildet.<\/p>\n\n\n\n<h2 class=\"wp-block-heading\">Die GR\u00c4TE<\/h2>\n\n\n\n<figure class=\"wp-block-gallery has-nested-images columns-default is-cropped wp-block-gallery-2 is-layout-flex wp-block-gallery-is-layout-flex\">\n<figure class=\"wp-block-image size-large is-resized\"><img loading=\"lazy\" decoding=\"async\" width=\"366\" height=\"366\" data-id=\"105\" src=\"http:\/\/urebanknaxertes.de\/wp-content\/uploads\/2025\/07\/Graete-rueckseite.jpg\" alt=\"\" class=\"wp-image-105\" style=\"width:156px;height:auto\" srcset=\"https:\/\/urebanknaxertes.de\/wp-content\/uploads\/2025\/07\/Graete-rueckseite.jpg 366w, https:\/\/urebanknaxertes.de\/wp-content\/uploads\/2025\/07\/Graete-rueckseite-300x300.jpg 300w, https:\/\/urebanknaxertes.de\/wp-content\/uploads\/2025\/07\/Graete-rueckseite-150x150.jpg 150w\" sizes=\"auto, (max-width: 366px) 100vw, 366px\" \/><\/figure>\n\n\n\n<figure class=\"wp-block-image size-large is-resized\"><img loading=\"lazy\" decoding=\"async\" width=\"363\" height=\"363\" data-id=\"106\" src=\"http:\/\/urebanknaxertes.de\/wp-content\/uploads\/2025\/07\/Graete-vorderseite.jpg\" alt=\"\" class=\"wp-image-106\" style=\"width:150px;height:auto\" srcset=\"https:\/\/urebanknaxertes.de\/wp-content\/uploads\/2025\/07\/Graete-vorderseite.jpg 363w, https:\/\/urebanknaxertes.de\/wp-content\/uploads\/2025\/07\/Graete-vorderseite-300x300.jpg 300w, https:\/\/urebanknaxertes.de\/wp-content\/uploads\/2025\/07\/Graete-vorderseite-150x150.jpg 150w\" sizes=\"auto, (max-width: 363px) 100vw, 363px\" \/><\/figure>\n<\/figure>\n\n\n\n<p>Wert: 1 Gr\u00e4te = 0,75 Euro<br>im Umlauf seit: 1989<br>Die Gr\u00e4te ist eine M\u00fcnze, die als erste Festw\u00e4hrung \u00fcberhaupt eingef\u00fchrt wurde (f\u00fcr 1,50 DM bzw. 10 Schilling). Durch mehrere Auflagen gibt es mittlerweile drei unterschiedliche R\u00fcckseiten. Auf Magira ist die Gr\u00e4te eine in Caswallon \u00fcbliches Zahlungsmittel.<\/p>\n\n\n\n<h2 class=\"wp-block-heading\">Der TZAR<\/h2>\n\n\n\n<figure class=\"wp-block-gallery has-nested-images columns-default is-cropped wp-block-gallery-3 is-layout-flex wp-block-gallery-is-layout-flex\">\n<figure class=\"wp-block-image size-large is-resized\"><img loading=\"lazy\" decoding=\"async\" width=\"287\" height=\"287\" data-id=\"107\" src=\"http:\/\/urebanknaxertes.de\/wp-content\/uploads\/2025\/07\/Tzar_Rueckseite.jpg\" alt=\"\" class=\"wp-image-107\" style=\"width:161px;height:auto\" srcset=\"https:\/\/urebanknaxertes.de\/wp-content\/uploads\/2025\/07\/Tzar_Rueckseite.jpg 287w, https:\/\/urebanknaxertes.de\/wp-content\/uploads\/2025\/07\/Tzar_Rueckseite-150x150.jpg 150w\" sizes=\"auto, (max-width: 287px) 100vw, 287px\" \/><\/figure>\n\n\n\n<figure class=\"wp-block-image size-large is-resized\"><img loading=\"lazy\" decoding=\"async\" width=\"287\" height=\"287\" data-id=\"108\" src=\"http:\/\/urebanknaxertes.de\/wp-content\/uploads\/2025\/07\/Tzar_Vorderseite.jpg\" alt=\"\" class=\"wp-image-108\" style=\"width:164px;height:auto\" srcset=\"https:\/\/urebanknaxertes.de\/wp-content\/uploads\/2025\/07\/Tzar_Vorderseite.jpg 287w, https:\/\/urebanknaxertes.de\/wp-content\/uploads\/2025\/07\/Tzar_Vorderseite-150x150.jpg 150w\" sizes=\"auto, (max-width: 287px) 100vw, 287px\" \/><\/figure>\n<\/figure>\n\n\n\n<p>Wert: 2 Gr\u00e4ten = 1,50 Euro<br>im Umlauf seit: 2019<br>Der Anlass f\u00fcr die Pr\u00e4gung dieser silbrigen M\u00fcnze war das 15-j\u00e4hrige Jubil\u00e4um der Nekassen. Sie ist die j\u00fcngste der verwendeten W\u00e4hrungseinheiten auf dem Fest.<\/p>\n\n\n\n<h2 class=\"wp-block-heading\">Das DIADEM<\/h2>\n\n\n\n<figure class=\"wp-block-gallery has-nested-images columns-default is-cropped wp-block-gallery-4 is-layout-flex wp-block-gallery-is-layout-flex\">\n<figure class=\"wp-block-image size-large is-resized\"><img loading=\"lazy\" decoding=\"async\" width=\"440\" height=\"440\" data-id=\"109\" src=\"http:\/\/urebanknaxertes.de\/wp-content\/uploads\/2025\/07\/Diadem-rueckseite.jpg\" alt=\"\" class=\"wp-image-109\" style=\"width:167px;height:auto\" srcset=\"https:\/\/urebanknaxertes.de\/wp-content\/uploads\/2025\/07\/Diadem-rueckseite.jpg 440w, https:\/\/urebanknaxertes.de\/wp-content\/uploads\/2025\/07\/Diadem-rueckseite-300x300.jpg 300w, https:\/\/urebanknaxertes.de\/wp-content\/uploads\/2025\/07\/Diadem-rueckseite-150x150.jpg 150w\" sizes=\"auto, (max-width: 440px) 100vw, 440px\" \/><\/figure>\n\n\n\n<figure class=\"wp-block-image size-large is-resized\"><img loading=\"lazy\" decoding=\"async\" width=\"440\" height=\"440\" data-id=\"110\" src=\"http:\/\/urebanknaxertes.de\/wp-content\/uploads\/2025\/07\/Diadem-vorderseite.jpg\" alt=\"\" class=\"wp-image-110\" style=\"width:173px;height:auto\" srcset=\"https:\/\/urebanknaxertes.de\/wp-content\/uploads\/2025\/07\/Diadem-vorderseite.jpg 440w, https:\/\/urebanknaxertes.de\/wp-content\/uploads\/2025\/07\/Diadem-vorderseite-300x300.jpg 300w, https:\/\/urebanknaxertes.de\/wp-content\/uploads\/2025\/07\/Diadem-vorderseite-150x150.jpg 150w\" sizes=\"auto, (max-width: 440px) 100vw, 440px\" \/><\/figure>\n<\/figure>\n\n\n\n<p>Wert: 4 Gr\u00e4ten = 3 Euro<br>im Umlauf seit: 1999<br>Das Diadem ist ein Sternbild \u00fcber Magira, welches nur von der Yddia aus zu sehen ist. Es handelt sich um 12 bl\u00e4uliche Sterne, die jeweils paarweise dicht beieinander stehen und so ein Sechseck bilden.<\/p>\n\n\n\n<h2 class=\"wp-block-heading\">Der LEGI<\/h2>\n\n\n\n<figure class=\"wp-block-gallery has-nested-images columns-default is-cropped wp-block-gallery-5 is-layout-flex wp-block-gallery-is-layout-flex\">\n<figure class=\"wp-block-image size-large is-resized\"><img loading=\"lazy\" decoding=\"async\" width=\"150\" height=\"149\" data-id=\"114\" src=\"http:\/\/urebanknaxertes.de\/wp-content\/uploads\/2025\/07\/Legi_kranz_sml-2.jpg\" alt=\"\" class=\"wp-image-114\" style=\"width:89px;height:auto\"\/><\/figure>\n\n\n\n<figure class=\"wp-block-image size-large is-resized\"><img loading=\"lazy\" decoding=\"async\" width=\"150\" height=\"150\" data-id=\"112\" src=\"http:\/\/urebanknaxertes.de\/wp-content\/uploads\/2025\/07\/Legi_stern_sml.jpg\" alt=\"\" class=\"wp-image-112\" style=\"width:96px;height:auto\"\/><\/figure>\n<\/figure>\n\n\n\n<p>Wert: 4 Gr\u00e4ten = 3 Euro<br>im Umlauf seit: 1998<br>Bereits 1990 gab es eine M\u00fcnze, die denselben Namen trug. Da sie allerdings aus gebranntem Ton und gelber Plakatfarbe bestand, war ihre Haltbarkeit nur von kurzer Dauer.<\/p>\n\n\n\n<h2 class=\"wp-block-heading\">Der SCHILLING<\/h2>\n\n\n\n<figure class=\"wp-block-gallery has-nested-images columns-default is-cropped wp-block-gallery-6 is-layout-flex wp-block-gallery-is-layout-flex\">\n<figure class=\"wp-block-image size-large is-resized\"><img loading=\"lazy\" decoding=\"async\" width=\"273\" height=\"273\" data-id=\"115\" src=\"http:\/\/urebanknaxertes.de\/wp-content\/uploads\/2025\/07\/Scilling-rueck.jpg\" alt=\"\" class=\"wp-image-115\" style=\"width:162px;height:auto\" srcset=\"https:\/\/urebanknaxertes.de\/wp-content\/uploads\/2025\/07\/Scilling-rueck.jpg 273w, https:\/\/urebanknaxertes.de\/wp-content\/uploads\/2025\/07\/Scilling-rueck-150x150.jpg 150w\" sizes=\"auto, (max-width: 273px) 100vw, 273px\" \/><\/figure>\n\n\n\n<figure class=\"wp-block-image size-large is-resized\"><img loading=\"lazy\" decoding=\"async\" width=\"271\" height=\"271\" data-id=\"116\" src=\"http:\/\/urebanknaxertes.de\/wp-content\/uploads\/2025\/07\/Scilling-vor.jpg\" alt=\"\" class=\"wp-image-116\" style=\"width:156px;height:auto\" srcset=\"https:\/\/urebanknaxertes.de\/wp-content\/uploads\/2025\/07\/Scilling-vor.jpg 271w, https:\/\/urebanknaxertes.de\/wp-content\/uploads\/2025\/07\/Scilling-vor-150x150.jpg 150w\" sizes=\"auto, (max-width: 271px) 100vw, 271px\" \/><\/figure>\n<\/figure>\n\n\n\n<p>Wert: 8 Gr\u00e4ten = 6 Euro<br>im Umlauf seit: 1994<br>Die R\u00fcckseite dieser massiven M\u00fcnze zeigt das Portrait von Mayd Evelyn NighBeorn. Sie ist die Tochter des fr\u00fcheren K\u00f6nigs Lord Elrod MacBeorn und f\u00fcr viele die einzig wahre Thronerbin Albyons.<\/p>\n\n\n\n<h2 class=\"wp-block-heading\">Historische W\u00e4hrungen<\/h2>\n\n\n\n<figure class=\"wp-block-gallery has-nested-images columns-default is-cropped wp-block-gallery-7 is-layout-flex wp-block-gallery-is-layout-flex\">\n<figure class=\"wp-block-image size-large is-resized\"><img loading=\"lazy\" decoding=\"async\" width=\"263\" height=\"263\" data-id=\"117\" src=\"http:\/\/urebanknaxertes.de\/wp-content\/uploads\/2025\/07\/Taki-vor.jpg\" alt=\"\" class=\"wp-image-117\" style=\"width:147px;height:auto\" srcset=\"https:\/\/urebanknaxertes.de\/wp-content\/uploads\/2025\/07\/Taki-vor.jpg 263w, https:\/\/urebanknaxertes.de\/wp-content\/uploads\/2025\/07\/Taki-vor-150x150.jpg 150w\" sizes=\"auto, (max-width: 263px) 100vw, 263px\" \/><\/figure>\n\n\n\n<figure class=\"wp-block-image size-large is-resized\"><img loading=\"lazy\" decoding=\"async\" width=\"204\" height=\"204\" data-id=\"118\" src=\"http:\/\/urebanknaxertes.de\/wp-content\/uploads\/2025\/07\/300px-Hoerni-vor.jpg\" alt=\"\" class=\"wp-image-118\" style=\"width:150px;height:auto\" srcset=\"https:\/\/urebanknaxertes.de\/wp-content\/uploads\/2025\/07\/300px-Hoerni-vor.jpg 204w, https:\/\/urebanknaxertes.de\/wp-content\/uploads\/2025\/07\/300px-Hoerni-vor-150x150.jpg 150w\" sizes=\"auto, (max-width: 204px) 100vw, 204px\" \/><\/figure>\n<\/figure>\n\n\n\n<p>\u00dcber die Jahrzehnte hinweg gab es verschiedene Ideen, die Festw\u00e4hrung zu gestalten. Es gab Tonbr\u00e4nde, Steine und Papiergeld. Es gab auch andere M\u00fcnzen, die nur auf einem Fest der Fantasie in Verwendung waren, wie den H\u00f6rni (1991) oder den Taki (1992).<br><\/p>\n\n\n\n<p><\/p>\n","protected":false},"excerpt":{"rendered":"<p>Drei mal Vier macht ZweiWiddewiddewitt und Zwei macht Eine Auf dem Fest der Fantasie ist es seit 1989 \u00fcblich, reales Geld in Festw\u00e4hrung zu tauschen, das w\u00e4hrend des Festes auf dem ganzen Festgel\u00e4nde akzeptiert wird. Schon auf dem Fest 1982 in Schweden gab es eine Art W\u00e4hrung, damals aber nur [&hellip;]<\/p>\n","protected":false},"author":2,"featured_media":0,"parent":0,"menu_order":0,"comment_status":"closed","ping_status":"closed","template":"","meta":{"_themeisle_gutenberg_block_has_review":false,"footnotes":""},"class_list":["post-95","page","type-page","status-publish","hentry"],"_links":{"self":[{"href":"https:\/\/urebanknaxertes.de\/index.php?rest_route=\/wp\/v2\/pages\/95","targetHints":{"allow":["GET"]}}],"collection":[{"href":"https:\/\/urebanknaxertes.de\/index.php?rest_route=\/wp\/v2\/pages"}],"about":[{"href":"https:\/\/urebanknaxertes.de\/index.php?rest_route=\/wp\/v2\/types\/page"}],"author":[{"embeddable":true,"href":"https:\/\/urebanknaxertes.de\/index.php?rest_route=\/wp\/v2\/users\/2"}],"replies":[{"embeddable":true,"href":"https:\/\/urebanknaxertes.de\/index.php?rest_route=%2Fwp%2Fv2%2Fcomments&post=95"}],"version-history":[{"count":5,"href":"https:\/\/urebanknaxertes.de\/index.php?rest_route=\/wp\/v2\/pages\/95\/revisions"}],"predecessor-version":[{"id":124,"href":"https:\/\/urebanknaxertes.de\/index.php?rest_route=\/wp\/v2\/pages\/95\/revisions\/124"}],"wp:attachment":[{"href":"https:\/\/urebanknaxertes.de\/index.php?rest_route=%2Fwp%2Fv2%2Fmedia&parent=95"}],"curies":[{"name":"wp","href":"https:\/\/api.w.org\/{rel}","templated":true}]}}